{"id":13,"date":"2022-01-20T23:38:48","date_gmt":"2022-01-20T23:38:48","guid":{"rendered":"http:\/\/www.defkakagit.com\/?page_id=13"},"modified":"2024-10-30T09:19:51","modified_gmt":"2024-10-30T09:19:51","slug":"bize-ulasin","status":"publish","type":"page","link":"https:\/\/www.defkakagit.com\/index.php\/bize-ulasin\/","title":{"rendered":"Bize ula\u015f\u0131n"},"content":{"rendered":"\n<div class=\"wp-block-group alignwide has-text-color has-background is-layout-flow\" style=\"color:#000000;background-color:#ffffff\"><div class=\"wp-block-group__inner-container\">\n<div style=\"height:205px\" aria-hidden=\"true\" class=\"wp-block-spacer\"><\/div>\n\n\n\n<div class=\"wp-block-columns alignfull are-vertically-aligned-center has-text-color has-background is-layout-flex wp-container-4\" style=\"color:#000000;background-color:#ffffff\">\n<div class=\"wp-block-column is-vertically-aligned-center is-layout-flow\">\n<h3 class=\"wp-block-heading\" style=\"font-size:24px;line-height:1.3\"><strong>Telefonlar\u0131m\u0131z<\/strong><\/h3>\n\n\n\n<p style=\"font-size:16px\"><strong><strong>+90 533 478 73 69<\/strong><\/strong><\/p>\n\n\n\n<p style=\"font-size:16px\"><strong><strong>+90 212 480 00 69<\/strong><\/strong><\/p>\n<\/div>\n\n\n\n<div class=\"wp-block-column is-vertically-aligned-center is-layout-flow\">\n<h3 class=\"wp-block-heading\" style=\"font-size:24px;line-height:1.3\"><strong>Adresimiz<\/strong><\/h3>\n\n\n\n<p><strong><em><strong><strong><em>Yakuplu Mah. G\u00f6\u00e7men Sok.<br>Sinpa\u015f \u0130\u015f Modern Ambarl\u0131<br>No:1\/71 Beylikd\u00fcz\u00fc \/ \u0130stanbul<\/em><\/strong><\/strong><\/em><\/strong><\/p>\n<\/div>\n\n\n\n<div class=\"wp-block-column is-vertically-aligned-center is-layout-flow\">\n<h3 class=\"wp-block-heading\" style=\"font-size:24px;line-height:1.3\"><strong>Mail Adresimiz<\/strong><\/h3>\n\n\n\n<p><strong><em><a href=\"mailto:pazarlama@defkakagit.com\" target=\"_blank\" rel=\"noreferrer noopener\">pazarlama@defkakagit.com<\/a><\/em><\/strong><\/p>\n<\/div>\n<\/div>\n\n\n\n<p class=\"has-text-align-center has-small-font-size\" style=\"line-height:.9\"><strong>\u0130LET\u0130\u015e\u0130M KURUN<\/strong><\/p>\n\n\n\n<h1 class=\"wp-block-heading has-text-align-center\" id=\"schedule-a-visit\" style=\"font-size:59px;line-height:1.15\"><strong>Bize Mail At\u0131n D\u00f6n\u00fc\u015f Yapal\u0131m.<\/strong><\/h1>\n\n\n\n<div class=\"wp-block-buttons is-horizontal is-content-justification-center is-layout-flex wp-container-5\">\n<div class=\"wp-block-button has-custom-width wp-block-button__width-50\"><a class=\"wp-block-button__link has-text-color has-background wp-element-button\" href=\"mailto:pazarlama@defkakagit.com\" style=\"border-radius:50px;color:#ffffff;background-color:#000000\" target=\"_blank\" rel=\"noreferrer noopener\">Bizimle ileti\u015fime ge\u00e7in<\/a><\/div>\n<\/div>\n\n\n\n<div style=\"height:64px\" aria-hidden=\"true\" class=\"wp-block-spacer\"><\/div>\n<\/div><\/div>\n","protected":false},"excerpt":{"rendered":"<p>Telefonlar\u0131m\u0131z +90 533 478 73 69 +90 212 480 00 69 Adresimiz Yakuplu Mah. G\u00f6\u00e7men Sok.Sinpa\u015f \u0130\u015f Modern Ambarl\u0131No:1\/71 Beylikd\u00fcz\u00fc \/ \u0130stanbul Mail Adresimiz pazarlama@defkakagit.com \u0130LET\u0130\u015e\u0130M KURUN Bize Mail At\u0131n &#8230;<\/p>\n","protected":false},"author":1,"featured_media":0,"parent":0,"menu_order":0,"comment_status":"closed","ping_status":"closed","template":"template-fullwidth.php","meta":[],"_links":{"self":[{"href":"https:\/\/www.defkakagit.com\/index.php\/wp-json\/wp\/v2\/pages\/13"}],"collection":[{"href":"https:\/\/www.defkakagit.com\/index.php\/wp-json\/wp\/v2\/pages"}],"about":[{"href":"https:\/\/www.defkakagit.com\/index.php\/wp-json\/wp\/v2\/types\/page"}],"author":[{"embeddable":true,"href":"https:\/\/www.defkakagit.com\/index.php\/wp-json\/wp\/v2\/users\/1"}],"replies":[{"embeddable":true,"href":"https:\/\/www.defkakagit.com\/index.php\/wp-json\/wp\/v2\/comments?post=13"}],"version-history":[{"count":18,"href":"https:\/\/www.defkakagit.com\/index.php\/wp-json\/wp\/v2\/pages\/13\/revisions"}],"predecessor-version":[{"id":1559,"href":"https:\/\/www.defkakagit.com\/index.php\/wp-json\/wp\/v2\/pages\/13\/revisions\/1559"}],"wp:attachment":[{"href":"https:\/\/www.defkakagit.com\/index.php\/wp-json\/wp\/v2\/media?parent=13"}],"curies":[{"name":"wp","href":"https:\/\/api.w.org\/{rel}","templated":true}]}}